















                            {"id":12574,"date":"2024-12-12T13:36:11","date_gmt":"2024-12-12T12:36:11","guid":{"rendered":"https:\/\/airconsulteamformation.com\/?post_type=product&#038;p=12574"},"modified":"2024-12-12T13:36:48","modified_gmt":"2024-12-12T12:36:48","slug":"formations-en-hygiene","status":"publish","type":"product","link":"https:\/\/airconsulteamformation.com\/index.php\/produit\/formations-en-hygiene\/","title":{"rendered":"Formations en Hygi\u00e8ne"},"content":{"rendered":"<p>\u2022 Objectifs : Ma\u00eetriser les normes sanitaires, assurer une bonne<br \/>\nhygi\u00e8ne en entreprise.<br \/>\n\u2022 Public concern\u00e9 : Professionnels de la restauration, h\u00f4tels,<br \/>\nentreprises de nettoyage, responsables qualit\u00e9.<br \/>\n\u2022 Dur\u00e9e : 3 \u00e0 5 jours.<br \/>\n\u2022 M\u00e9thodes p\u00e9dagogiques : Cours th\u00e9oriques + \u00e9tudes de cas<br \/>\npratiques + mises en situation sur le terrain.<br \/>\n\u2022 En pr\u00e9sentiel : Oui.<\/p>\n","protected":false},"excerpt":{"rendered":"<p>Apprenez les principes essentiels pour garantir une hygi\u00e8ne irr\u00e9prochable dans les<br \/>\nenvironnements professionnels, notamment dans les domaines de la restauration et des<br \/>\nsoins. Formation ax\u00e9e sur les normes HACCP, la ma\u00eetrise des contaminations crois\u00e9es et<br \/>\nles bonnes pratiques en hygi\u00e8ne personnelle et collective.<\/p>\n","protected":false},"featured_media":12585,"comment_status":"open","ping_status":"closed","template":"","meta":[],"product_cat":[81],"product_tag":[],"class_list":{"0":"post-12574","1":"product","2":"type-product","3":"status-publish","4":"has-post-thumbnail","6":"product_cat-restauration","8":"first","9":"instock","10":"shipping-taxable","11":"product-type-simple","12":"knowlifi-col"},"_links":{"self":[{"href":"https:\/\/airconsulteamformation.com\/index.php\/wp-json\/wp\/v2\/product\/12574","targetHints":{"allow":["GET"]}}],"collection":[{"href":"https:\/\/airconsulteamformation.com\/index.php\/wp-json\/wp\/v2\/product"}],"about":[{"href":"https:\/\/airconsulteamformation.com\/index.php\/wp-json\/wp\/v2\/types\/product"}],"replies":[{"embeddable":true,"href":"https:\/\/airconsulteamformation.com\/index.php\/wp-json\/wp\/v2\/comments?post=12574"}],"wp:featuredmedia":[{"embeddable":true,"href":"https:\/\/airconsulteamformation.com\/index.php\/wp-json\/wp\/v2\/media\/12585"}],"wp:attachment":[{"href":"https:\/\/airconsulteamformation.com\/index.php\/wp-json\/wp\/v2\/media?parent=12574"}],"wp:term":[{"taxonomy":"product_cat","embeddable":true,"href":"https:\/\/airconsulteamformation.com\/index.php\/wp-json\/wp\/v2\/product_cat?post=12574"},{"taxonomy":"product_tag","embeddable":true,"href":"https:\/\/airconsulteamformation.com\/index.php\/wp-json\/wp\/v2\/product_tag?post=12574"}],"curies":[{"name":"wp","href":"https:\/\/api.w.org\/{rel}","templated":true}]}}