















                            {"id":12572,"date":"2024-12-12T13:36:11","date_gmt":"2024-12-12T12:36:11","guid":{"rendered":"https:\/\/airconsulteamformation.com\/?post_type=product&#038;p=12572"},"modified":"2024-12-12T13:36:41","modified_gmt":"2024-12-12T12:36:41","slug":"formations-cuisine-sans-gluten","status":"publish","type":"product","link":"https:\/\/airconsulteamformation.com\/index.php\/produit\/formations-cuisine-sans-gluten\/","title":{"rendered":"Formations cuisine sans gluten"},"content":{"rendered":"<p>Objectifs : Comprendre les besoins et les contraintes alimentaires des<br \/>\npersonnes intol\u00e9rantes au gluten (maladie c\u0153liaque) ou sensibles au<br \/>\ngluten. Identifier les aliments naturellement sans gluten et apprendre \u00e0<br \/>\nsubstituer les produits contenant du gluten. Ma\u00eetriser les techniques de<br \/>\npr\u00e9paration et de cuisson sp\u00e9cifiques pour r\u00e9aliser des plats savoureux et<br \/>\n\u00e9quilibr\u00e9s. Concevoir des recettes vari\u00e9es et adapt\u00e9es (entr\u00e9es, plats,<br \/>\ndesserts), respectant les normes sans gluten.<br \/>\nPublic concern\u00e9 : Professionnels de la restauration et traiteurs<br \/>\nsouhaitant int\u00e9grer une offre sans gluten. Personnes atteintes de<br \/>\nsensibilit\u00e9 ou intol\u00e9rance au gluten souhaitant cuisiner elles-m\u00eames.<br \/>\n\u2022 Dur\u00e9e : 3 \u00e0 5 jours (21 \u00e0 35 heures), selon le niveau de d\u00e9tail souhait\u00e9.<br \/>\n\u2022 M\u00e9thodes p\u00e9dagogiques : Approche th\u00e9orique, Supports p\u00e9dagogiques,<br \/>\nD\u00e9gustations et \u00e9changes<br \/>\n\u2022 En pr\u00e9sentiel : Oui.<\/p>\n","protected":false},"excerpt":{"rendered":"<p>Ma\u00eetrisez l\u2019art de cuisiner sans gluten en d\u00e9couvrant des recettes adapt\u00e9es et savoureuses.<br \/>\nCette formation met l\u2019accent sur le choix des ingr\u00e9dients, l\u2019\u00e9quilibre nutritionnel et les<br \/>\nalternatives pour r\u00e9pondre aux besoins alimentaires sp\u00e9cifiques.<\/p>\n","protected":false},"featured_media":12583,"comment_status":"open","ping_status":"closed","template":"","meta":[],"product_cat":[81],"product_tag":[],"class_list":{"0":"post-12572","1":"product","2":"type-product","3":"status-publish","4":"has-post-thumbnail","6":"product_cat-restauration","8":"first","9":"instock","10":"shipping-taxable","11":"product-type-simple","12":"knowlifi-col"},"_links":{"self":[{"href":"https:\/\/airconsulteamformation.com\/index.php\/wp-json\/wp\/v2\/product\/12572","targetHints":{"allow":["GET"]}}],"collection":[{"href":"https:\/\/airconsulteamformation.com\/index.php\/wp-json\/wp\/v2\/product"}],"about":[{"href":"https:\/\/airconsulteamformation.com\/index.php\/wp-json\/wp\/v2\/types\/product"}],"replies":[{"embeddable":true,"href":"https:\/\/airconsulteamformation.com\/index.php\/wp-json\/wp\/v2\/comments?post=12572"}],"wp:featuredmedia":[{"embeddable":true,"href":"https:\/\/airconsulteamformation.com\/index.php\/wp-json\/wp\/v2\/media\/12583"}],"wp:attachment":[{"href":"https:\/\/airconsulteamformation.com\/index.php\/wp-json\/wp\/v2\/media?parent=12572"}],"wp:term":[{"taxonomy":"product_cat","embeddable":true,"href":"https:\/\/airconsulteamformation.com\/index.php\/wp-json\/wp\/v2\/product_cat?post=12572"},{"taxonomy":"product_tag","embeddable":true,"href":"https:\/\/airconsulteamformation.com\/index.php\/wp-json\/wp\/v2\/product_tag?post=12572"}],"curies":[{"name":"wp","href":"https:\/\/api.w.org\/{rel}","templated":true}]}}