















                            {"id":12571,"date":"2024-12-12T13:36:11","date_gmt":"2024-12-12T12:36:11","guid":{"rendered":"https:\/\/airconsulteamformation.com\/?post_type=product&#038;p=12571"},"modified":"2024-12-12T13:36:38","modified_gmt":"2024-12-12T12:36:38","slug":"formations-patisserie-de-restauration","status":"publish","type":"product","link":"https:\/\/airconsulteamformation.com\/index.php\/produit\/formations-patisserie-de-restauration\/","title":{"rendered":"Formations P\u00e2tisserie de restauration"},"content":{"rendered":"<p>\u2022 Objectifs : Apprendre \u00e0 r\u00e9aliser des desserts rapides, esth\u00e9tiques et<br \/>\nsavoureux adapt\u00e9s \u00e0 une carte de restaurant. Simplifier les techniques<br \/>\np\u00e2tissi\u00e8res tout en garantissant une qualit\u00e9 professionnelle. D\u00e9couvrir des<br \/>\nrecettes modulables avec des bases faciles \u00e0 personnaliser selon les<br \/>\nsaisons ou les produits disponibles. Optimiser la gestion du temps et des<br \/>\nressources en cuisine pour les desserts de restauration<br \/>\nPublic concern\u00e9 : Chefs et cuisiniers souhaitant d\u00e9velopper leurs<br \/>\ncomp\u00e9tences en p\u00e2tisserie pour la restauration. Professionnels de la<br \/>\nrestauration cherchant \u00e0 proposer des desserts faits maison sans alourdir<br \/>\nleur charge de travail. Traiteurs ou entrepreneurs en restauration<br \/>\nsouhaitant enrichir leur offre sucr\u00e9e.<br \/>\n\u2022 Dur\u00e9e : 3 \u00e0 5 jours (21 \u00e0 35 heures), selon le niveau de d\u00e9tail souhait\u00e9.<br \/>\n\u2022 M\u00e9thodes p\u00e9dagogiques : Approche th\u00e9orique, Supports p\u00e9dagogiques,<br \/>\nD\u00e9gustations et \u00e9changes<br \/>\n\u2022 En pr\u00e9sentiel : Oui.<\/p>\n","protected":false},"excerpt":{"rendered":"<p>Formation ax\u00e9e sur la cr\u00e9ation de desserts raffin\u00e9s adapt\u00e9s au service en restauration.<br \/>\nApprenez \u00e0 allier esth\u00e9tique et saveurs, \u00e0 travailler des textures vari\u00e9es et \u00e0 \u00e9laborer des<br \/>\ndesserts dignes des plus grandes tables.<\/p>\n","protected":false},"featured_media":12582,"comment_status":"open","ping_status":"closed","template":"","meta":[],"product_cat":[81],"product_tag":[],"class_list":{"0":"post-12571","1":"product","2":"type-product","3":"status-publish","4":"has-post-thumbnail","6":"product_cat-restauration","8":"first","9":"instock","10":"shipping-taxable","11":"product-type-simple","12":"knowlifi-col"},"_links":{"self":[{"href":"https:\/\/airconsulteamformation.com\/index.php\/wp-json\/wp\/v2\/product\/12571","targetHints":{"allow":["GET"]}}],"collection":[{"href":"https:\/\/airconsulteamformation.com\/index.php\/wp-json\/wp\/v2\/product"}],"about":[{"href":"https:\/\/airconsulteamformation.com\/index.php\/wp-json\/wp\/v2\/types\/product"}],"replies":[{"embeddable":true,"href":"https:\/\/airconsulteamformation.com\/index.php\/wp-json\/wp\/v2\/comments?post=12571"}],"wp:featuredmedia":[{"embeddable":true,"href":"https:\/\/airconsulteamformation.com\/index.php\/wp-json\/wp\/v2\/media\/12582"}],"wp:attachment":[{"href":"https:\/\/airconsulteamformation.com\/index.php\/wp-json\/wp\/v2\/media?parent=12571"}],"wp:term":[{"taxonomy":"product_cat","embeddable":true,"href":"https:\/\/airconsulteamformation.com\/index.php\/wp-json\/wp\/v2\/product_cat?post=12571"},{"taxonomy":"product_tag","embeddable":true,"href":"https:\/\/airconsulteamformation.com\/index.php\/wp-json\/wp\/v2\/product_tag?post=12571"}],"curies":[{"name":"wp","href":"https:\/\/api.w.org\/{rel}","templated":true}]}}