















                            {"id":12570,"date":"2024-12-12T13:36:10","date_gmt":"2024-12-12T12:36:10","guid":{"rendered":"https:\/\/airconsulteamformation.com\/?post_type=product&#038;p=12570"},"modified":"2025-10-11T09:54:59","modified_gmt":"2025-10-11T07:54:59","slug":"formations-creation-de-poke-bowl","status":"publish","type":"product","link":"https:\/\/airconsulteamformation.com\/index.php\/produit\/formations-creation-de-poke-bowl\/","title":{"rendered":"Formations Cr\u00e9ation de pok\u00e9 Bowl"},"content":{"rendered":"<p>Objectifs : Apprendre \u00e0 concevoir des Pok\u00e9 Bowls \u00e9quilibr\u00e9s, sains et<br \/>\nvisuellement attractifs. Ma\u00eetriser les bases de l\u2019assemblage : riz,<\/p>\n<p>prot\u00e9ines, l\u00e9gumes, et toppings. D\u00e9couvrir les associations de saveurs et<br \/>\ntextures pour des recettes originales. Int\u00e9grer des options pour diff\u00e9rents<br \/>\nr\u00e9gimes alimentaires (v\u00e9g\u00e9tarien, sans gluten, etc.).Optimiser la<br \/>\npr\u00e9paration pour un service rapide en restauration ou \u00e0 emporter.<br \/>\nPublic concern\u00e9 : Professionnels de la restauration souhaitant diversifier<br \/>\nleur offre avec une tendance actuelle.Traiteurs et entrepreneurs en<br \/>\nrestauration rapide ou livraison \u00e0 domicile.<br \/>\n\u2022 Dur\u00e9e : 3 \u00e0 5 jours (21 \u00e0 35 heures), selon le niveau de d\u00e9tail souhait\u00e9.<br \/>\n\u2022 M\u00e9thodes p\u00e9dagogiques : Approche th\u00e9orique, Supports p\u00e9dagogiques,<br \/>\nD\u00e9gustations et \u00e9changes<br \/>\n\u2022 En pr\u00e9sentiel : Oui.<\/p>\n","protected":false},"excerpt":{"rendered":"<p>Plongez dans l\u2019univers color\u00e9 et sain des poke bowls. D\u00e9couvrez comment marier<br \/>\nharmonieusement des ingr\u00e9dients frais, \u00e9quilibrer les saveurs et optimiser la pr\u00e9sentation<br \/>\npour s\u00e9duire les clients amateurs de cuisine tendance et healthy<\/p>\n","protected":false},"featured_media":12581,"comment_status":"open","ping_status":"closed","template":"","meta":[],"product_cat":[81],"product_tag":[],"class_list":{"0":"post-12570","1":"product","2":"type-product","3":"status-publish","4":"has-post-thumbnail","6":"product_cat-restauration","8":"first","9":"instock","10":"shipping-taxable","11":"product-type-simple","12":"knowlifi-col"},"_links":{"self":[{"href":"https:\/\/airconsulteamformation.com\/index.php\/wp-json\/wp\/v2\/product\/12570","targetHints":{"allow":["GET"]}}],"collection":[{"href":"https:\/\/airconsulteamformation.com\/index.php\/wp-json\/wp\/v2\/product"}],"about":[{"href":"https:\/\/airconsulteamformation.com\/index.php\/wp-json\/wp\/v2\/types\/product"}],"replies":[{"embeddable":true,"href":"https:\/\/airconsulteamformation.com\/index.php\/wp-json\/wp\/v2\/comments?post=12570"}],"wp:featuredmedia":[{"embeddable":true,"href":"https:\/\/airconsulteamformation.com\/index.php\/wp-json\/wp\/v2\/media\/12581"}],"wp:attachment":[{"href":"https:\/\/airconsulteamformation.com\/index.php\/wp-json\/wp\/v2\/media?parent=12570"}],"wp:term":[{"taxonomy":"product_cat","embeddable":true,"href":"https:\/\/airconsulteamformation.com\/index.php\/wp-json\/wp\/v2\/product_cat?post=12570"},{"taxonomy":"product_tag","embeddable":true,"href":"https:\/\/airconsulteamformation.com\/index.php\/wp-json\/wp\/v2\/product_tag?post=12570"}],"curies":[{"name":"wp","href":"https:\/\/api.w.org\/{rel}","templated":true}]}}