















                            {"id":12568,"date":"2024-12-12T13:36:10","date_gmt":"2024-12-12T12:36:10","guid":{"rendered":"https:\/\/airconsulteamformation.com\/?post_type=product&#038;p=12568"},"modified":"2025-06-25T03:05:29","modified_gmt":"2025-06-25T01:05:29","slug":"formations-creation-de-site-web-wordpress","status":"publish","type":"product","link":"https:\/\/airconsulteamformation.com\/index.php\/produit\/formations-creation-de-site-web-wordpress\/","title":{"rendered":"Formations Cr\u00e9ation de site web &#8211; WORDPRESS"},"content":{"rendered":"<p>\u2022 Objectifs : D\u00e9couvrir les bases de WordPress : installation, configuration,<br \/>\net personnalisation.Cr\u00e9er un site web fonctionnel et attrayant, adapt\u00e9 \u00e0<br \/>\ndiff\u00e9rents besoins (site vitrine, blog, e-commerce).Ma\u00eetriser les outils<br \/>\nessentiels : th\u00e8mes, extensions, et widgets.Apprendre \u00e0 structurer le<\/p>\n<p>contenu et optimiser la navigation. G\u00e9rer la maintenance du site et<br \/>\nassurer sa s\u00e9curit\u00e9.<br \/>\n\u2022 Public concern\u00e9 : D\u00e9couvrir les bases de WordPress : installation,<br \/>\nconfiguration, et personnalisation. Cr\u00e9er un site web fonctionnel et<\/p>\n<p>attrayant, adapt\u00e9 \u00e0 diff\u00e9rents besoins (site vitrine, blog, e-<br \/>\ncommerce).Ma\u00eetriser les outils essentiels : th\u00e8mes, extensions, et<\/p>\n<p>widgets.<br \/>\n\u2022 Dur\u00e9e : 3 \u00e0 5 jours (21 \u00e0 35 heures), selon le niveau de d\u00e9tail souhait\u00e9.<br \/>\n\u2022 M\u00e9thodes p\u00e9dagogiques : Approche th\u00e9orique, Supports p\u00e9dagogiques,<br \/>\n\u00c9tudes de cas et simulations<br \/>\n\u2022 En pr\u00e9sentiel : Oui.<\/p>\n","protected":false},"excerpt":{"rendered":"<p>Apprenez \u00e0 cr\u00e9er et g\u00e9rer un site internet professionnel avec WordPress, le CMS le plus<br \/>\nutilis\u00e9. Cette formation vous guide \u00e0 travers l\u2019installation, la personnalisation, le choix des<br \/>\nplugins et l\u2019optimisation pour le r\u00e9f\u00e9rencement.<\/p>\n","protected":false},"featured_media":12579,"comment_status":"open","ping_status":"closed","template":"","meta":[],"product_cat":[80],"product_tag":[],"class_list":{"0":"post-12568","1":"product","2":"type-product","3":"status-publish","4":"has-post-thumbnail","6":"product_cat-digital","8":"first","9":"instock","10":"shipping-taxable","11":"product-type-simple","12":"knowlifi-col"},"_links":{"self":[{"href":"https:\/\/airconsulteamformation.com\/index.php\/wp-json\/wp\/v2\/product\/12568","targetHints":{"allow":["GET"]}}],"collection":[{"href":"https:\/\/airconsulteamformation.com\/index.php\/wp-json\/wp\/v2\/product"}],"about":[{"href":"https:\/\/airconsulteamformation.com\/index.php\/wp-json\/wp\/v2\/types\/product"}],"replies":[{"embeddable":true,"href":"https:\/\/airconsulteamformation.com\/index.php\/wp-json\/wp\/v2\/comments?post=12568"}],"wp:featuredmedia":[{"embeddable":true,"href":"https:\/\/airconsulteamformation.com\/index.php\/wp-json\/wp\/v2\/media\/12579"}],"wp:attachment":[{"href":"https:\/\/airconsulteamformation.com\/index.php\/wp-json\/wp\/v2\/media?parent=12568"}],"wp:term":[{"taxonomy":"product_cat","embeddable":true,"href":"https:\/\/airconsulteamformation.com\/index.php\/wp-json\/wp\/v2\/product_cat?post=12568"},{"taxonomy":"product_tag","embeddable":true,"href":"https:\/\/airconsulteamformation.com\/index.php\/wp-json\/wp\/v2\/product_tag?post=12568"}],"curies":[{"name":"wp","href":"https:\/\/api.w.org\/{rel}","templated":true}]}}