















                            {"id":12566,"date":"2024-12-12T13:36:10","date_gmt":"2024-12-12T12:36:10","guid":{"rendered":"https:\/\/airconsulteamformation.com\/?post_type=product&#038;p=12566"},"modified":"2026-01-03T14:13:13","modified_gmt":"2026-01-03T13:13:13","slug":"formation-gestion-des-risques-et-conflits","status":"publish","type":"product","link":"https:\/\/airconsulteamformation.com\/index.php\/produit\/formation-gestion-des-risques-et-conflits\/","title":{"rendered":"Formation Gestion des Risques et Conflits"},"content":{"rendered":"<p>\u2022 Objectifs : Identifier les types de risques (organisationnels, relationnels,<br \/>\nop\u00e9rationnels) et les situations propices aux conflits.D\u00e9velopper des<br \/>\ncomp\u00e9tences pour anticiper, \u00e9valuer et g\u00e9rer les risques<br \/>\nefficacement.Comprendre les dynamiques des conflits et leurs impacts<br \/>\nsur les individus et les \u00e9quipes.Acqu\u00e9rir des techniques de r\u00e9solution de<br \/>\nconflits et de n\u00e9gociation pour maintenir un climat de travail positif.<br \/>\n\u2022 Public concern\u00e9 : Managers, responsables d\u2019\u00e9quipes, et chefs de projet<br \/>\nconfront\u00e9s \u00e0 des risques ou tensions relationnelles.Professionnels des<br \/>\nressources humaines ou m\u00e9diateurs intervenant dans la gestion des<br \/>\nconflits.Entrepreneurs, dirigeants d\u2019entreprise, ou ind\u00e9pendants<br \/>\nsouhaitant minimiser les risques dans leur activit\u00e9.<br \/>\n\u2022 Dur\u00e9e : 3 \u00e0 5 jours (21 \u00e0 35 heures), selon le niveau de d\u00e9tail souhait\u00e9.<br \/>\n\u2022 M\u00e9thodes p\u00e9dagogiques : Approche th\u00e9orique, Supports p\u00e9dagogiques,<br \/>\nAteliers interactifs<br \/>\n\u2022 En pr\u00e9sentiel : Oui.<\/p>\n","protected":false},"excerpt":{"rendered":"<p>Cette formation enseigne les m\u00e9thodes pour anticiper, identifier et r\u00e9soudre efficacement<br \/>\nles conflits dans un cadre professionnel. Id\u00e9al pour d\u00e9velopper une communication<br \/>\nassertive et promouvoir un climat de travail apais\u00e9.<\/p>\n","protected":false},"featured_media":12577,"comment_status":"open","ping_status":"closed","template":"","meta":[],"product_cat":[79],"product_tag":[],"class_list":{"0":"post-12566","1":"product","2":"type-product","3":"status-publish","4":"has-post-thumbnail","6":"product_cat-gestion","8":"first","9":"instock","10":"shipping-taxable","11":"product-type-simple","12":"knowlifi-col"},"_links":{"self":[{"href":"https:\/\/airconsulteamformation.com\/index.php\/wp-json\/wp\/v2\/product\/12566","targetHints":{"allow":["GET"]}}],"collection":[{"href":"https:\/\/airconsulteamformation.com\/index.php\/wp-json\/wp\/v2\/product"}],"about":[{"href":"https:\/\/airconsulteamformation.com\/index.php\/wp-json\/wp\/v2\/types\/product"}],"replies":[{"embeddable":true,"href":"https:\/\/airconsulteamformation.com\/index.php\/wp-json\/wp\/v2\/comments?post=12566"}],"wp:featuredmedia":[{"embeddable":true,"href":"https:\/\/airconsulteamformation.com\/index.php\/wp-json\/wp\/v2\/media\/12577"}],"wp:attachment":[{"href":"https:\/\/airconsulteamformation.com\/index.php\/wp-json\/wp\/v2\/media?parent=12566"}],"wp:term":[{"taxonomy":"product_cat","embeddable":true,"href":"https:\/\/airconsulteamformation.com\/index.php\/wp-json\/wp\/v2\/product_cat?post=12566"},{"taxonomy":"product_tag","embeddable":true,"href":"https:\/\/airconsulteamformation.com\/index.php\/wp-json\/wp\/v2\/product_tag?post=12566"}],"curies":[{"name":"wp","href":"https:\/\/api.w.org\/{rel}","templated":true}]}}