















                            {"id":12564,"date":"2024-12-12T13:36:09","date_gmt":"2024-12-12T12:36:09","guid":{"rendered":"https:\/\/airconsulteamformation.com\/?post_type=product&#038;p=12564"},"modified":"2025-06-25T03:05:11","modified_gmt":"2025-06-25T01:05:11","slug":"formation-langues-anglais-espagnol-francais","status":"publish","type":"product","link":"https:\/\/airconsulteamformation.com\/index.php\/produit\/formation-langues-anglais-espagnol-francais\/","title":{"rendered":"Formation Langues (Anglais \/ Espagnol \/ Fran\u00e7ais..)"},"content":{"rendered":"<p>\u2022 Objectifs : D\u00e9velopper les comp\u00e9tences en compr\u00e9hension et<br \/>\nexpression orale et \u00e9crite. Am\u00e9liorer la fluidit\u00e9 et la pr\u00e9cision dans<br \/>\nl\u2019utilisation de la langue cible. Renforcer les bases grammaticales et<br \/>\nenrichir le vocabulaire adapt\u00e9 aux besoins sp\u00e9cifiques. Gagner en<br \/>\nconfiance dans des contextes personnels, professionnels, ou<br \/>\nacad\u00e9miques. Int\u00e9grer des \u00e9l\u00e9ments culturels pour une communication<br \/>\ninterculturelle efficace.<\/p>\n<p>\u2022 Public concern\u00e9 : D\u00e9butants souhaitant apprendre une nouvelle langue<br \/>\npour des besoins personnels ou professionnels. Interm\u00e9diaires d\u00e9sirant<br \/>\nperfectionner leurs comp\u00e9tences linguistiques.Professionnels<br \/>\nn\u00e9cessitant une ma\u00eetrise d\u2019une langue \u00e9trang\u00e8re pour leur travail<br \/>\n(r\u00e9unions, n\u00e9gociations, voyages d\u2019affaires)..<br \/>\n\u2022 Dur\u00e9e : 30 \u00e0 70 heures (\u00e0 adapter selon les niveaux : d\u00e9butant,<br \/>\ninterm\u00e9diaire, avanc\u00e9).<br \/>\n\u2022 M\u00e9thodes p\u00e9dagogiques : Approche th\u00e9orique, Supports p\u00e9dagogiques,<br \/>\nAteliers interactifs<br \/>\n\u2022 En pr\u00e9sentiel : Oui.<\/p>\n","protected":false},"excerpt":{"rendered":"<p>Am\u00e9liorez vos comp\u00e9tences linguistiques \u00e0 l\u2019oral et \u00e0 l\u2019\u00e9crit gr\u00e2ce \u00e0 des cours adapt\u00e9s \u00e0<br \/>\nvotre niveau. Id\u00e9al pour \u00e9voluer professionnellement ou voyager, cette formation met<br \/>\nl\u2019accent sur des situations concr\u00e8tes et la pratique active.<\/p>\n","protected":false},"featured_media":12575,"comment_status":"open","ping_status":"closed","template":"","meta":[],"product_cat":[78],"product_tag":[],"class_list":{"0":"post-12564","1":"product","2":"type-product","3":"status-publish","4":"has-post-thumbnail","6":"product_cat-langues","8":"first","9":"instock","10":"shipping-taxable","11":"product-type-simple","12":"knowlifi-col"},"_links":{"self":[{"href":"https:\/\/airconsulteamformation.com\/index.php\/wp-json\/wp\/v2\/product\/12564","targetHints":{"allow":["GET"]}}],"collection":[{"href":"https:\/\/airconsulteamformation.com\/index.php\/wp-json\/wp\/v2\/product"}],"about":[{"href":"https:\/\/airconsulteamformation.com\/index.php\/wp-json\/wp\/v2\/types\/product"}],"replies":[{"embeddable":true,"href":"https:\/\/airconsulteamformation.com\/index.php\/wp-json\/wp\/v2\/comments?post=12564"}],"wp:featuredmedia":[{"embeddable":true,"href":"https:\/\/airconsulteamformation.com\/index.php\/wp-json\/wp\/v2\/media\/12575"}],"wp:attachment":[{"href":"https:\/\/airconsulteamformation.com\/index.php\/wp-json\/wp\/v2\/media?parent=12564"}],"wp:term":[{"taxonomy":"product_cat","embeddable":true,"href":"https:\/\/airconsulteamformation.com\/index.php\/wp-json\/wp\/v2\/product_cat?post=12564"},{"taxonomy":"product_tag","embeddable":true,"href":"https:\/\/airconsulteamformation.com\/index.php\/wp-json\/wp\/v2\/product_tag?post=12564"}],"curies":[{"name":"wp","href":"https:\/\/api.w.org\/{rel}","templated":true}]}}